{"id":117,"date":"2023-05-16T23:57:30","date_gmt":"2023-05-16T23:57:30","guid":{"rendered":"https:\/\/deepweb.mx\/?page_id=117"},"modified":"2023-06-22T17:09:35","modified_gmt":"2023-06-22T17:09:35","slug":"software","status":"publish","type":"page","link":"https:\/\/deepweb.mx\/index.php\/software\/","title":{"rendered":"SOFTWARE"},"content":{"rendered":"<h1>SOFTWARE<\/h1>\n<div>\n<p style=\"font-weight: 400;\">En el \u00e1mbito de la tecnolog\u00eda de la informaci\u00f3n, el software se refiere a los programas y aplicaciones inform\u00e1ticos que permiten realizar tareas espec\u00edficas en un sistema inform\u00e1tico. Esto incluye sistemas operativos, software de productividad (como suites de oficina), software de dise\u00f1o gr\u00e1fico, software de desarrollo de aplicaciones, software de seguridad y muchos otros tipos de programas utilizados en el procesamiento y gesti\u00f3n de informaci\u00f3n.<\/p>\n<p style=\"font-weight: 400;\">\n<p style=\"font-weight: 400;\">El software tambi\u00e9n puede referirse al conjunto de instrucciones l\u00f3gicas y codificadas que permiten a un sistema inform\u00e1tico realizar funciones y operaciones espec\u00edficas. Estas instrucciones pueden estar escritas en diferentes lenguajes de programaci\u00f3n y se ejecutan en la CPU (unidad central de procesamiento) del sistema para realizar tareas como c\u00e1lculos, procesamiento de datos, interacci\u00f3n con el usuario, entre otros.<\/p>\n<\/div>\n<ul>\n<li>\n<h3>BACKOFFICE<\/h3>\n<div>\n<p>Sistemas Operativos, Office 365, Red Hat<\/p>\n<\/div>\n<\/li>\n<li>\n<h3>DISE\u00d1O<\/h3>\n<div>\n<p>Adobe, Autodesk, Matterport<\/p>\n<\/div>\n<\/li>\n<li>\n<h3>VIRTUALIZACI\u00d3N<\/h3>\n<div>\n<p>Red hat, Vmware<\/p>\n<\/div>\n<\/li>\n<li>\n<h3>SEGURIDAD \/ ANTIVIRUS<\/h3>\n<div>\n<p>Trellix, Kaspersky, Trend Micro, Bitdefender, Norton, Eset<\/p>\n<\/div>\n<\/li>\n<\/ul>\n<p>\n    <a href=\"\/index.php\/contacto\/\">CONT\u00c1CTANOS<\/a>\n<\/p>\n<p><!--more--><br \/>\n<!-- {\"type\":\"layout\",\"children\":[{\"type\":\"section\",\"props\":{\"image_position\":\"center-center\",\"padding\":\"small\",\"style\":\"default\",\"title_breakpoint\":\"xl\",\"title_position\":\"top-left\",\"title_rotation\":\"left\",\"vertical_align\":\"middle\",\"width\":\"default\"},\"children\":[{\"type\":\"row\",\"children\":[{\"type\":\"column\",\"props\":{\"image_position\":\"center-center\",\"media_overlay_gradient\":\"\",\"position_sticky_breakpoint\":\"m\"},\"children\":[{\"type\":\"headline\",\"props\":{\"content\":\"SOFTWARE\",\"text_align\":\"center\",\"title_element\":\"h1\"}},{\"type\":\"text\",\"props\":{\"column_breakpoint\":\"m\",\"content\":\"\n\n<p style=\\\"font-weight: 400;\\\">En el \\u00e1mbito de la tecnolog\\u00eda de la informaci\\u00f3n, el software se refiere a los programas y aplicaciones inform\\u00e1ticos que permiten realizar tareas espec\\u00edficas en un sistema inform\\u00e1tico. Esto incluye sistemas operativos, software de productividad (como suites de oficina), software de dise\\u00f1o gr\\u00e1fico, software de desarrollo de aplicaciones, software de seguridad y muchos otros tipos de programas utilizados en el procesamiento y gesti\\u00f3n de informaci\\u00f3n.<\\\/p>\\n\n\n<p style=\\\"font-weight: 400;\\\"><\\\/p>\\n\n\n<p style=\\\"font-weight: 400;\\\">El software tambi\\u00e9n puede referirse al conjunto de instrucciones l\\u00f3gicas y codificadas que permiten a un sistema inform\\u00e1tico realizar funciones y operaciones espec\\u00edficas. Estas instrucciones pueden estar escritas en diferentes lenguajes de programaci\\u00f3n y se ejecutan en la CPU (unidad central de procesamiento) del sistema para realizar tareas como c\\u00e1lculos, procesamiento de datos, interacci\\u00f3n con el usuario, entre otros.<\\\/p>\",\"margin\":\"default\",\"text_align\":\"center\",\"text_style\":\"small\"}},{\"type\":\"switcher\",\"props\":{\"content_column_breakpoint\":\"m\",\"image_align\":\"top\",\"image_grid_breakpoint\":\"m\",\"image_grid_width\":\"1-2\",\"image_svg_color\":\"emphasis\",\"link_style\":\"default\",\"link_text\":\"Read more\",\"margin\":\"default\",\"meta_align\":\"below-title\",\"meta_element\":\"div\",\"meta_style\":\"text-meta\",\"nav\":\"tab\",\"nav_align\":\"center\",\"nav_grid_breakpoint\":\"m\",\"nav_grid_width\":\"auto\",\"nav_position\":\"top\",\"show_content\":true,\"show_image\":true,\"show_label\":true,\"show_link\":true,\"show_meta\":true,\"show_thumbnail\":true,\"show_title\":true,\"switcher_animation\":\"fade\",\"switcher_height\":true,\"text_align\":\"center\",\"thumbnav_height\":\"75\",\"thumbnav_svg_color\":\"emphasis\",\"thumbnav_width\":\"100\",\"title_align\":\"top\",\"title_element\":\"h3\",\"title_grid_breakpoint\":\"m\",\"title_grid_width\":\"1-2\"},\"children\":[{\"type\":\"switcher_item\",\"props\":{\"content\":\"\n\n<p>Sistemas Operativos, Office 365, Red Hat<\\\/p>\",\"title\":\"BACKOFFICE\"}},{\"type\":\"switcher_item\",\"props\":{\"content\":\"\n\n<p>Adobe, Autodesk, Matterport<\\\/p>\",\"title\":\"DISE\\u00d1O\"}},{\"type\":\"switcher_item\",\"props\":{\"content\":\"\n\n<p>Red hat, Vmware<\\\/p>\",\"title\":\"VIRTUALIZACI\\u00d3N\"}},{\"type\":\"switcher_item\",\"props\":{\"content\":\"\n\n<p>Trellix, Kaspersky, Trend Micro, Bitdefender, Norton, Eset<\\\/p>\",\"title\":\"SEGURIDAD \\\/ ANTIVIRUS\"}}]},{\"type\":\"button\",\"props\":{\"grid_column_gap\":\"small\",\"grid_row_gap\":\"small\",\"margin\":\"default\",\"text_align\":\"center\"},\"children\":[{\"type\":\"button_item\",\"props\":{\"button_style\":\"default\",\"content\":\"CONT\\u00c1CTANOS\",\"icon_align\":\"left\",\"link\":\"index.php\\\/contacto\\\/\",\"link_title\":\"CONT\\u00c1CTANOS\"}}]}]}]}]}],\"version\":\"3.0.27\"} --><\/p>\n","protected":false},"excerpt":{"rendered":"<p>SOFTWARE En el \u00e1mbito de la tecnolog\u00eda de la informaci\u00f3n, el software se refiere a los programas y aplicaciones inform\u00e1ticos que permiten realizar tareas espec\u00edficas en un sistema inform\u00e1tico. Esto incluye sistemas operativos, software de productividad (como suites de oficina), software de dise\u00f1o gr\u00e1fico, software de desarrollo de aplicaciones, software de seguridad y muchos otros [&hellip;]<\/p>\n","protected":false},"author":1,"featured_media":0,"parent":0,"menu_order":0,"comment_status":"closed","ping_status":"closed","template":"","meta":{"om_disable_all_campaigns":false,"_monsterinsights_skip_tracking":false,"_monsterinsights_sitenote_active":false,"_monsterinsights_sitenote_note":"","_monsterinsights_sitenote_category":0,"_joinchat":[],"footnotes":""},"aioseo_notices":[],"_links":{"self":[{"href":"https:\/\/deepweb.mx\/index.php\/wp-json\/wp\/v2\/pages\/117"}],"collection":[{"href":"https:\/\/deepweb.mx\/index.php\/wp-json\/wp\/v2\/pages"}],"about":[{"href":"https:\/\/deepweb.mx\/index.php\/wp-json\/wp\/v2\/types\/page"}],"author":[{"embeddable":true,"href":"https:\/\/deepweb.mx\/index.php\/wp-json\/wp\/v2\/users\/1"}],"replies":[{"embeddable":true,"href":"https:\/\/deepweb.mx\/index.php\/wp-json\/wp\/v2\/comments?post=117"}],"version-history":[{"count":17,"href":"https:\/\/deepweb.mx\/index.php\/wp-json\/wp\/v2\/pages\/117\/revisions"}],"predecessor-version":[{"id":675,"href":"https:\/\/deepweb.mx\/index.php\/wp-json\/wp\/v2\/pages\/117\/revisions\/675"}],"wp:attachment":[{"href":"https:\/\/deepweb.mx\/index.php\/wp-json\/wp\/v2\/media?parent=117"}],"curies":[{"name":"wp","href":"https:\/\/api.w.org\/{rel}","templated":true}]}}