{"id":15,"date":"2023-04-20T19:30:27","date_gmt":"2023-04-20T19:30:27","guid":{"rendered":"https:\/\/deepweb.mx\/?page_id=15"},"modified":"2023-06-22T22:22:49","modified_gmt":"2023-06-22T22:22:49","slug":"servicios","status":"publish","type":"page","link":"https:\/\/deepweb.mx\/index.php\/servicios\/","title":{"rendered":"SERVICIOS"},"content":{"rendered":"<h1>SERVICIOS<\/h1>\n<div>\n<p>Ofrecemos servicios que sobre pasan las expectativas de nuestros clientes:<\/p>\n<\/div>\n<div>\n<p>        <img decoding=\"async\" src=\"\/wp-content\/uploads\/2023\/05\/mantenimiento.png\" alt=\"\"><\/p>\n<h3>MANTENIMIENTO DE EQUIPOS<\/h3>\n<p><a href=\"\/index.php\/mantenimiento-de-equipos\/\">CONOCE M\u00c1S<\/a><\/p>\n<\/div>\n<p>\n    <a href=\"\/index.php\/mantenimiento-de-equipos\/\">MANTENIMIENTO DE EQUIPOS<\/a>\n<\/p>\n<div>\n<p>        <img decoding=\"async\" src=\"\/wp-content\/uploads\/2023\/05\/cableado.png\" alt=\"\"><\/p>\n<h3>CABLEADO ESTRUCTURADO<\/h3>\n<p><a href=\"\/index.php\/cableado-estructurado\/\">CONOCE M\u00c1S<\/a><\/p>\n<\/div>\n<p>\n    <a href=\"\/index.php\/cableado-estructurado\/\">CABLEADO ESTRUCTURADO<\/a>\n<\/p>\n<div>\n<p>        <img decoding=\"async\" src=\"\/wp-content\/uploads\/2023\/05\/instalacion.png\" alt=\"\"><\/p>\n<h3>INSTALACI\u00d3N DE EQUIPO DE COMPUTO<\/h3>\n<p><a href=\"\/index.php\/instalacion-de-equipo-de-computo\/\">CONOCE M\u00c1S<\/a><\/p>\n<\/div>\n<p>\n    <a href=\"\/index.php\/instalacion-de-equipo-de-computo\/\">INSTALACI\u00d3N DE EQUIPO DE COMPUTO<\/a>\n<\/p>\n<div>\n<p>        <img decoding=\"async\" src=\"\/wp-content\/uploads\/2023\/05\/cctv.png\" alt=\"\"><\/p>\n<h3>INSTALACI\u00d3N DE C\u00c1MARAS CCTV<\/h3>\n<p><a href=\"\/index.php\/instalacion-de-camaras-cctv\/\">CONOCE M\u00c1S<\/a><\/p>\n<\/div>\n<p>\n    <a href=\"\/index.php\/instalacion-de-camaras-cctv\/\">INSTALACI\u00d3N DE C\u00c1MARAS CCTV<\/a>\n<\/p>\n<div>\n<p>        <img decoding=\"async\" src=\"\/wp-content\/uploads\/2023\/05\/arrendamiento.png\" alt=\"\"><\/p>\n<h3>ARRENDAMIENTO<\/h3>\n<p><a href=\"\/index.php\/arrendamiento-2\/\">CONOCE M\u00c1S<\/a><\/p>\n<\/div>\n<p>\n    <a href=\"\/index.php\/arrendamiento-2\/\">ARRENDAMIENTO<\/a>\n<\/p>\n<div>\n<p>        <img decoding=\"async\" src=\"\/wp-content\/uploads\/2023\/05\/renta.png\" alt=\"\"><\/p>\n<h3>RENTA DE EQUIPO<\/h3>\n<p><a href=\"\/index.php\/renta-de-equipo\/\">CONOCE M\u00c1S<\/a><\/p>\n<\/div>\n<p>\n    <a href=\"\/index.php\/renta-de-equipo\/\">RENTA DE EQUIPO<\/a>\n<\/p>\n<div>\n<p>        <img decoding=\"async\" src=\"\/wp-content\/uploads\/2023\/05\/impresion.png\" alt=\"\"><\/p>\n<h3>SERVICIOS DE IMPRESI\u00d3N<\/h3>\n<p><a href=\"\/index.php\/servicios-de-impresion\/\">CONOCE M\u00c1S<\/a><\/p>\n<\/div>\n<p>\n    <a href=\"\/index.php\/servicios-de-impresion\/\">SERVICIOS DE IMPRESI\u00d3N<\/a>\n<\/p>\n<div>\n<p>        <img decoding=\"async\" src=\"\/wp-content\/uploads\/2023\/05\/consultoria.png\" alt=\"\"><\/p>\n<h3>CONSULTOR\u00cdA<\/h3>\n<p><a href=\"\/index.php\/consultoria-2\/\">CONOCE M\u00c1S<\/a><\/p>\n<\/div>\n<p>\n    <a href=\"\/index.php\/consultoria-2\/\">CONSULTOR\u00cdA<\/a>\n<\/p>\n<div>\n<p>        <img decoding=\"async\" src=\"\/wp-content\/uploads\/2023\/05\/desarrollo-2.png\" alt=\"\"><\/p>\n<h3>DESARROLLO DE SISTEMAS ADHOC<\/h3>\n<p><a href=\"\/index.php\/desarrollo-de-sistemas-adhoc\/\">CONOCE M\u00c1S<\/a><\/p>\n<\/div>\n<p>\n    <a href=\"\/index.php\/desarrollo-de-sistemas-adhoc\/\">DESARROLLO DE SISTEMAS ADHOC<\/a>\n<\/p>\n<p>\n    <a href=\"\/index.php\/contacto\/\">CONT\u00c1CTANOS<\/a>\n<\/p>\n<p><!--more--><br \/>\n<!-- {\"type\":\"layout\",\"children\":[{\"type\":\"section\",\"props\":{\"animation\":\"scale-up\",\"image_position\":\"center-center\",\"padding\":\"small\",\"padding_remove_bottom\":false,\"padding_remove_top\":false,\"style\":\"default\",\"title_breakpoint\":\"xl\",\"title_position\":\"top-left\",\"title_rotation\":\"left\",\"vertical_align\":\"middle\",\"width\":\"default\"},\"children\":[{\"type\":\"row\",\"children\":[{\"type\":\"column\",\"props\":{\"image_position\":\"center-center\",\"media_overlay_gradient\":\"\",\"position_sticky_breakpoint\":\"m\"},\"children\":[{\"type\":\"headline\",\"props\":{\"content\":\"SERVICIOS\",\"text_align\":\"center\",\"title_element\":\"h1\",\"title_style\":\"h1\"}},{\"type\":\"text\",\"props\":{\"column_breakpoint\":\"m\",\"content\":\"\n\n<p>Ofrecemos servicios que sobre pasan las expectativas de nuestros clientes:<\\\/p>\",\"margin\":\"default\",\"text_align\":\"center\",\"text_color\":\"primary\"}}]}]},{\"type\":\"row\",\"props\":{\"layout\":\"1-3,1-3,1-3\",\"width\":\"expand\"},\"children\":[{\"type\":\"column\",\"props\":{\"image_position\":\"center-center\",\"media_overlay_gradient\":\"\",\"position_sticky_breakpoint\":\"m\",\"width_medium\":\"1-3\"},\"children\":[{\"type\":\"overlay\",\"props\":{\"image\":\"wp-content\\\/uploads\\\/2023\\\/05\\\/mantenimiento.png\",\"link\":\"index.php\\\/mantenimiento-de-equipos\\\/\",\"link_style\":\"default\",\"link_text\":\"CONOCE M\\u00c1S\",\"margin\":\"default\",\"meta_align\":\"below-title\",\"meta_element\":\"div\",\"meta_style\":\"text-meta\",\"overlay_hover\":true,\"overlay_mode\":\"cover\",\"overlay_position\":\"center\",\"overlay_style\":\"overlay-primary\",\"overlay_transition\":\"fade\",\"text_align\":\"center\",\"text_color\":\"light\",\"title\":\"MANTENIMIENTO DE EQUIPOS\",\"title_element\":\"h3\",\"title_hover_style\":\"reset\"}},{\"type\":\"button\",\"props\":{\"grid_column_gap\":\"small\",\"grid_row_gap\":\"small\",\"margin\":\"default\",\"text_align\":\"center\"},\"children\":[{\"type\":\"button_item\",\"props\":{\"button_style\":\"link-text\",\"content\":\"MANTENIMIENTO DE EQUIPOS\",\"icon_align\":\"left\",\"link\":\"index.php\\\/mantenimiento-de-equipos\\\/\",\"link_title\":\"MANTENIMIENTO DE EQUIPOS\"}}]}]},{\"type\":\"column\",\"props\":{\"image_position\":\"center-center\",\"media_overlay_gradient\":\"\",\"position_sticky_breakpoint\":\"m\",\"width_medium\":\"1-3\"},\"children\":[{\"type\":\"overlay\",\"props\":{\"image\":\"wp-content\\\/uploads\\\/2023\\\/05\\\/cableado.png\",\"link\":\"index.php\\\/cableado-estructurado\\\/\",\"link_style\":\"default\",\"link_text\":\"CONOCE M\\u00c1S\",\"margin\":\"default\",\"meta_align\":\"below-title\",\"meta_element\":\"div\",\"meta_style\":\"text-meta\",\"overlay_hover\":true,\"overlay_mode\":\"cover\",\"overlay_position\":\"center\",\"overlay_style\":\"overlay-primary\",\"overlay_transition\":\"fade\",\"text_align\":\"center\",\"text_color\":\"light\",\"title\":\"CABLEADO ESTRUCTURADO\",\"title_element\":\"h3\",\"title_hover_style\":\"reset\"}},{\"type\":\"button\",\"props\":{\"grid_column_gap\":\"small\",\"grid_row_gap\":\"small\",\"margin\":\"default\",\"text_align\":\"center\"},\"children\":[{\"type\":\"button_item\",\"props\":{\"button_style\":\"link-text\",\"content\":\"CABLEADO ESTRUCTURADO\",\"icon_align\":\"left\",\"link\":\"index.php\\\/cableado-estructurado\\\/\",\"link_title\":\"CABLEADO ESTRUCTURADO\"}}]}]},{\"type\":\"column\",\"props\":{\"image_position\":\"center-center\",\"media_overlay_gradient\":\"\",\"position_sticky_breakpoint\":\"m\",\"width_medium\":\"1-3\"},\"children\":[{\"type\":\"overlay\",\"props\":{\"image\":\"wp-content\\\/uploads\\\/2023\\\/05\\\/instalacion.png\",\"link\":\"index.php\\\/instalacion-de-equipo-de-computo\\\/\",\"link_style\":\"default\",\"link_text\":\"CONOCE M\\u00c1S\",\"margin\":\"default\",\"meta_align\":\"below-title\",\"meta_element\":\"div\",\"meta_style\":\"text-meta\",\"overlay_hover\":true,\"overlay_mode\":\"cover\",\"overlay_position\":\"center\",\"overlay_style\":\"overlay-primary\",\"overlay_transition\":\"fade\",\"text_align\":\"center\",\"text_color\":\"light\",\"title\":\"INSTALACI\\u00d3N DE EQUIPO DE COMPUTO\",\"title_element\":\"h3\",\"title_hover_style\":\"reset\"}},{\"type\":\"button\",\"props\":{\"grid_column_gap\":\"small\",\"grid_row_gap\":\"small\",\"margin\":\"default\",\"text_align\":\"center\"},\"children\":[{\"type\":\"button_item\",\"props\":{\"button_style\":\"link-text\",\"content\":\"INSTALACI\\u00d3N DE EQUIPO DE COMPUTO\",\"icon_align\":\"left\",\"link\":\"index.php\\\/instalacion-de-equipo-de-computo\\\/\",\"link_title\":\"INSTALACI\\u00d3N DE EQUIPO DE COMPUTO\"}}]}]}]},{\"type\":\"row\",\"props\":{\"layout\":\"1-3,1-3,1-3\",\"width\":\"expand\"},\"children\":[{\"type\":\"column\",\"props\":{\"image_position\":\"center-center\",\"media_overlay_gradient\":\"\",\"position_sticky_breakpoint\":\"m\",\"width_medium\":\"1-3\"},\"children\":[{\"type\":\"overlay\",\"props\":{\"image\":\"wp-content\\\/uploads\\\/2023\\\/05\\\/cctv.png\",\"link\":\"index.php\\\/instalacion-de-camaras-cctv\\\/\",\"link_style\":\"default\",\"link_text\":\"CONOCE M\\u00c1S\",\"margin\":\"default\",\"meta_align\":\"below-title\",\"meta_element\":\"div\",\"meta_style\":\"text-meta\",\"overlay_hover\":true,\"overlay_mode\":\"cover\",\"overlay_position\":\"center\",\"overlay_style\":\"overlay-primary\",\"overlay_transition\":\"fade\",\"text_align\":\"center\",\"text_color\":\"light\",\"title\":\"INSTALACI\\u00d3N DE C\\u00c1MARAS CCTV\",\"title_element\":\"h3\",\"title_hover_style\":\"reset\"}},{\"type\":\"button\",\"props\":{\"grid_column_gap\":\"small\",\"grid_row_gap\":\"small\",\"margin\":\"default\",\"text_align\":\"center\"},\"children\":[{\"type\":\"button_item\",\"props\":{\"button_style\":\"link-text\",\"content\":\"INSTALACI\\u00d3N DE C\\u00c1MARAS CCTV\",\"icon_align\":\"left\",\"link\":\"index.php\\\/instalacion-de-camaras-cctv\\\/\",\"link_title\":\"INSTALACI\\u00d3N DE C\\u00c1MARAS CCTV\"}}]}]},{\"type\":\"column\",\"props\":{\"image_position\":\"center-center\",\"media_overlay_gradient\":\"\",\"position_sticky_breakpoint\":\"m\",\"width_medium\":\"1-3\"},\"children\":[{\"type\":\"overlay\",\"props\":{\"image\":\"wp-content\\\/uploads\\\/2023\\\/05\\\/arrendamiento.png\",\"link\":\"index.php\\\/arrendamiento-2\\\/\",\"link_style\":\"default\",\"link_text\":\"CONOCE M\\u00c1S\",\"margin\":\"default\",\"meta_align\":\"below-title\",\"meta_element\":\"div\",\"meta_style\":\"text-meta\",\"overlay_hover\":true,\"overlay_mode\":\"cover\",\"overlay_position\":\"center\",\"overlay_style\":\"overlay-primary\",\"overlay_transition\":\"fade\",\"text_align\":\"center\",\"text_color\":\"light\",\"title\":\"ARRENDAMIENTO\",\"title_element\":\"h3\",\"title_hover_style\":\"reset\"}},{\"type\":\"button\",\"props\":{\"grid_column_gap\":\"small\",\"grid_row_gap\":\"small\",\"margin\":\"default\",\"text_align\":\"center\"},\"children\":[{\"type\":\"button_item\",\"props\":{\"button_style\":\"link-text\",\"content\":\"ARRENDAMIENTO\",\"icon_align\":\"left\",\"link\":\"index.php\\\/arrendamiento-2\\\/\",\"link_title\":\"ARRENDAMIENTO\"}}]}]},{\"type\":\"column\",\"props\":{\"image_position\":\"center-center\",\"media_overlay_gradient\":\"\",\"position_sticky_breakpoint\":\"m\",\"width_medium\":\"1-3\"},\"children\":[{\"type\":\"overlay\",\"props\":{\"image\":\"wp-content\\\/uploads\\\/2023\\\/05\\\/renta.png\",\"link\":\"index.php\\\/renta-de-equipo\\\/\",\"link_style\":\"default\",\"link_text\":\"CONOCE M\\u00c1S\",\"margin\":\"default\",\"meta_align\":\"below-title\",\"meta_element\":\"div\",\"meta_style\":\"text-meta\",\"overlay_hover\":true,\"overlay_mode\":\"cover\",\"overlay_position\":\"center\",\"overlay_style\":\"overlay-primary\",\"overlay_transition\":\"fade\",\"text_align\":\"center\",\"text_color\":\"light\",\"title\":\"RENTA DE EQUIPO\",\"title_element\":\"h3\",\"title_hover_style\":\"reset\"}},{\"type\":\"button\",\"props\":{\"grid_column_gap\":\"small\",\"grid_row_gap\":\"small\",\"margin\":\"default\",\"text_align\":\"center\"},\"children\":[{\"type\":\"button_item\",\"props\":{\"button_style\":\"link-text\",\"content\":\"RENTA DE EQUIPO\",\"icon_align\":\"left\",\"link\":\"index.php\\\/renta-de-equipo\\\/\",\"link_title\":\"RENTA DE EQUIPO\"}}]}]}]},{\"type\":\"row\",\"props\":{\"layout\":\"1-3,1-3,1-3\",\"width\":\"expand\"},\"children\":[{\"type\":\"column\",\"props\":{\"image_position\":\"center-center\",\"media_overlay_gradient\":\"\",\"position_sticky_breakpoint\":\"m\",\"width_medium\":\"1-3\"},\"children\":[{\"type\":\"overlay\",\"props\":{\"image\":\"wp-content\\\/uploads\\\/2023\\\/05\\\/impresion.png\",\"link\":\"index.php\\\/servicios-de-impresion\\\/\",\"link_style\":\"default\",\"link_text\":\"CONOCE M\\u00c1S\",\"margin\":\"default\",\"meta_align\":\"below-title\",\"meta_element\":\"div\",\"meta_style\":\"text-meta\",\"overlay_hover\":true,\"overlay_mode\":\"cover\",\"overlay_position\":\"center\",\"overlay_style\":\"overlay-primary\",\"overlay_transition\":\"fade\",\"text_align\":\"center\",\"text_color\":\"light\",\"title\":\"SERVICIOS DE IMPRESI\\u00d3N\",\"title_element\":\"h3\",\"title_hover_style\":\"reset\"}},{\"type\":\"button\",\"props\":{\"grid_column_gap\":\"small\",\"grid_row_gap\":\"small\",\"margin\":\"default\",\"text_align\":\"center\"},\"children\":[{\"type\":\"button_item\",\"props\":{\"button_style\":\"link-text\",\"content\":\"SERVICIOS DE IMPRESI\\u00d3N\",\"icon_align\":\"left\",\"link\":\"index.php\\\/servicios-de-impresion\\\/\",\"link_title\":\"SERVICIOS DE IMPRESI\\u00d3N\"}}]}]},{\"type\":\"column\",\"props\":{\"image_position\":\"center-center\",\"media_overlay_gradient\":\"\",\"position_sticky_breakpoint\":\"m\",\"width_medium\":\"1-3\"},\"children\":[{\"type\":\"overlay\",\"props\":{\"image\":\"wp-content\\\/uploads\\\/2023\\\/05\\\/consultoria.png\",\"link\":\"index.php\\\/consultoria-2\\\/\",\"link_style\":\"default\",\"link_text\":\"CONOCE M\\u00c1S\",\"margin\":\"default\",\"meta_align\":\"below-title\",\"meta_element\":\"div\",\"meta_style\":\"text-meta\",\"overlay_hover\":true,\"overlay_mode\":\"cover\",\"overlay_position\":\"center\",\"overlay_style\":\"overlay-primary\",\"overlay_transition\":\"fade\",\"text_align\":\"center\",\"text_color\":\"light\",\"title\":\"CONSULTOR\\u00cdA\",\"title_element\":\"h3\",\"title_hover_style\":\"reset\"}},{\"type\":\"button\",\"props\":{\"grid_column_gap\":\"small\",\"grid_row_gap\":\"small\",\"margin\":\"default\",\"text_align\":\"center\"},\"children\":[{\"type\":\"button_item\",\"props\":{\"button_style\":\"link-text\",\"content\":\"CONSULTOR\\u00cdA\",\"icon_align\":\"left\",\"link\":\"index.php\\\/consultoria-2\\\/\",\"link_title\":\"CONSULTOR\\u00cdA\"}}]}]},{\"type\":\"column\",\"props\":{\"image_position\":\"center-center\",\"media_overlay_gradient\":\"\",\"position_sticky_breakpoint\":\"m\",\"width_medium\":\"1-3\"},\"children\":[{\"type\":\"overlay\",\"props\":{\"image\":\"wp-content\\\/uploads\\\/2023\\\/05\\\/desarrollo-2.png\",\"link\":\"index.php\\\/desarrollo-de-sistemas-adhoc\\\/\",\"link_style\":\"default\",\"link_text\":\"CONOCE M\\u00c1S\",\"margin\":\"default\",\"meta_align\":\"below-title\",\"meta_element\":\"div\",\"meta_style\":\"text-meta\",\"overlay_hover\":true,\"overlay_mode\":\"cover\",\"overlay_position\":\"center\",\"overlay_style\":\"overlay-primary\",\"overlay_transition\":\"fade\",\"text_align\":\"center\",\"text_color\":\"light\",\"title\":\"DESARROLLO DE SISTEMAS ADHOC\",\"title_element\":\"h3\",\"title_hover_style\":\"reset\"}},{\"type\":\"button\",\"props\":{\"grid_column_gap\":\"small\",\"grid_row_gap\":\"small\",\"margin\":\"default\",\"text_align\":\"center\"},\"children\":[{\"type\":\"button_item\",\"props\":{\"button_style\":\"link-text\",\"content\":\"DESARROLLO DE SISTEMAS ADHOC\",\"icon_align\":\"left\",\"link\":\"index.php\\\/desarrollo-de-sistemas-adhoc\\\/\",\"link_title\":\"DESARROLLO DE SISTEMAS ADHOC\"}}]}]}]},{\"type\":\"row\",\"children\":[{\"type\":\"column\",\"props\":{\"image_position\":\"center-center\",\"media_overlay_gradient\":\"\",\"position_sticky_breakpoint\":\"m\"},\"children\":[{\"type\":\"button\",\"props\":{\"grid_column_gap\":\"small\",\"grid_row_gap\":\"small\",\"margin\":\"default\",\"text_align\":\"center\"},\"children\":[{\"type\":\"button_item\",\"props\":{\"button_style\":\"default\",\"content\":\"CONT\\u00c1CTANOS\",\"icon_align\":\"left\",\"link\":\"index.php\\\/contacto\\\/\",\"link_title\":\"CONT\\u00c1CTANOS\"}}]}]}]}]}],\"version\":\"3.0.27\"} --><\/p>\n","protected":false},"excerpt":{"rendered":"<p>SERVICIOS Ofrecemos servicios que sobre pasan las expectativas de nuestros clientes: MANTENIMIENTO DE EQUIPOS CONOCE M\u00c1S MANTENIMIENTO DE EQUIPOS CABLEADO ESTRUCTURADO CONOCE M\u00c1S CABLEADO ESTRUCTURADO INSTALACI\u00d3N DE EQUIPO DE COMPUTO CONOCE M\u00c1S INSTALACI\u00d3N DE EQUIPO DE COMPUTO INSTALACI\u00d3N DE C\u00c1MARAS CCTV CONOCE M\u00c1S INSTALACI\u00d3N DE C\u00c1MARAS CCTV ARRENDAMIENTO CONOCE M\u00c1S ARRENDAMIENTO RENTA DE EQUIPO CONOCE [&hellip;]<\/p>\n","protected":false},"author":1,"featured_media":0,"parent":0,"menu_order":0,"comment_status":"closed","ping_status":"closed","template":"","meta":{"om_disable_all_campaigns":false,"_monsterinsights_skip_tracking":false,"_monsterinsights_sitenote_active":false,"_monsterinsights_sitenote_note":"","_monsterinsights_sitenote_category":0,"_joinchat":[],"footnotes":""},"aioseo_notices":[],"_links":{"self":[{"href":"https:\/\/deepweb.mx\/index.php\/wp-json\/wp\/v2\/pages\/15"}],"collection":[{"href":"https:\/\/deepweb.mx\/index.php\/wp-json\/wp\/v2\/pages"}],"about":[{"href":"https:\/\/deepweb.mx\/index.php\/wp-json\/wp\/v2\/types\/page"}],"author":[{"embeddable":true,"href":"https:\/\/deepweb.mx\/index.php\/wp-json\/wp\/v2\/users\/1"}],"replies":[{"embeddable":true,"href":"https:\/\/deepweb.mx\/index.php\/wp-json\/wp\/v2\/comments?post=15"}],"version-history":[{"count":68,"href":"https:\/\/deepweb.mx\/index.php\/wp-json\/wp\/v2\/pages\/15\/revisions"}],"predecessor-version":[{"id":719,"href":"https:\/\/deepweb.mx\/index.php\/wp-json\/wp\/v2\/pages\/15\/revisions\/719"}],"wp:attachment":[{"href":"https:\/\/deepweb.mx\/index.php\/wp-json\/wp\/v2\/media?parent=15"}],"curies":[{"name":"wp","href":"https:\/\/api.w.org\/{rel}","templated":true}]}}