{"id":684,"date":"2023-06-22T20:33:39","date_gmt":"2023-06-22T20:33:39","guid":{"rendered":"https:\/\/deepweb.mx\/?page_id=684"},"modified":"2023-07-03T20:23:39","modified_gmt":"2023-07-03T20:23:39","slug":"arrendamiento-2","status":"publish","type":"page","link":"https:\/\/deepweb.mx\/index.php\/arrendamiento-2\/","title":{"rendered":"ARRENDAMIENTO"},"content":{"rendered":"<h1>ARRENDAMIENTO<\/h1>\n<div>\n<p><span>El arrendamiento puro y el arrendamiento financiero son dos opciones comunes para adquirir equipo de c\u00f3mputo. <\/span><\/p>\n<p><strong>A continuaci\u00f3n, se explica cada uno de ellos:<\/strong><\/p>\n<\/div>\n<ul>\n<li>\n<h3>ARRENDAMIENTO PURO (LEASING OPERATIVO)<\/h3>\n<div>\n<p style=\"font-weight: 400;\">El arrendamiento puro es un acuerdo contractual en el cual una empresa (arrendador) proporciona el equipo de c\u00f3mputo a otra empresa (arrendatario) a cambio de pagos peri\u00f3dicos. En este caso, el arrendador conserva la propiedad del equipo durante todo el contrato. Al finalizar el plazo del arrendamiento, el arrendatario puede devolver el equipo, renovar el contrato o adquirir el equipo a un valor residual acordado.<\/p>\n<p style=\"font-weight: 400;\"><strong>Ventajas del arrendamiento puro:<\/strong><\/p>\n<p style=\"font-weight: 400;\">Permite a las empresas utilizar el equipo sin incurrir en un desembolso inicial significativo.<\/p>\n<p style=\"font-weight: 400;\">Proporciona flexibilidad, ya que el equipo puede actualizarse o reemplazarse f\u00e1cilmente al final del contrato.<\/p>\n<p style=\"font-weight: 400;\">Los pagos de arrendamiento pueden ser deducibles de impuestos como gasto operativo.<\/p>\n<\/div>\n<\/li>\n<li>\n<h3>ARRENDAMIENTO FINANCIERO (LEASING FINANCIERO)<\/h3>\n<div>\n<p style=\"font-weight: 400;\">El arrendamiento financiero es un acuerdo en el que una empresa (arrendador) proporciona equipo de c\u00f3mputo a otra empresa (arrendatario) a cambio de pagos peri\u00f3dicos. A diferencia del arrendamiento puro, en el arrendamiento financiero, el arrendatario tiene la opci\u00f3n de adquirir el equipo al final del contrato a un valor residual predeterminado.<\/p>\n<p style=\"font-weight: 400;\"><strong>Caracter\u00edsticas del arrendamiento financiero:<\/strong><\/p>\n<p style=\"font-weight: 400;\">\n<p style=\"font-weight: 400;\">A diferencia del arrendamiento puro, al final del contrato de arrendamiento financiero, el arrendatario generalmente tiene la opci\u00f3n de comprar el equipo a un valor nominal.<\/p>\n<p style=\"font-weight: 400;\">Durante el per\u00edodo del contrato, el arrendatario asume la responsabilidad por el mantenimiento y los costos asociados con el equipo.<\/p>\n<p style=\"font-weight: 400;\">El arrendamiento financiero puede reflejarse en los estados financieros como una deuda y los beneficios fiscales pueden ser diferentes en comparaci\u00f3n con el arrendamiento puro.<\/p>\n<\/div>\n<\/li>\n<\/ul>\n<p>\n    <a href=\"\/index.php\/contacto\/\">SOLICITA TU LEASING<\/a>\n<\/p>\n<div>\n<div>\n<p>[rev_slider alias=&#8221;camaras-1&#8243;][\/rev_slider]<\/p>\n<\/div>\n<\/div>\n<div>\n<p style=\"font-weight: 400;\">La elecci\u00f3n entre el arrendamiento puro y el arrendamiento financiero depende de las necesidades y circunstancias espec\u00edficas de la empresa. Es recomendable consultar con expertos financieros o asesores para evaluar las opciones y determinar la m\u00e1s adecuada en cada caso.<\/p>\n<p style=\"font-weight: 400;\">Nosotros somos nos encargamos de gestionar estos arrendamientos con las principales arrendadoras en Mexico como HP Financial Services ,<span>\u00a0<\/span>Dell Financial Services,<span>\u00a0<\/span>IBM Global Financing<span>\u00a0<\/span>CHG Meridian.<\/p>\n<\/div>\n<p>\n    <a href=\"\/index.php\/servicios\/\">\u00bfBUSCABAS OTRO SERVICIO?<\/a>\n<\/p>\n<p><!--more--><br \/>\n<!-- {\"type\":\"layout\",\"children\":[{\"type\":\"section\",\"props\":{\"animation\":\"scale-up\",\"image_position\":\"center-center\",\"padding\":\"small\",\"padding_remove_bottom\":true,\"style\":\"default\",\"title_breakpoint\":\"xl\",\"title_position\":\"top-left\",\"title_rotation\":\"left\",\"vertical_align\":\"middle\",\"width\":\"default\"},\"children\":[{\"type\":\"row\",\"children\":[{\"type\":\"column\",\"props\":{\"image_position\":\"center-center\",\"media_overlay_gradient\":\"\",\"position_sticky_breakpoint\":\"m\"},\"children\":[{\"type\":\"headline\",\"props\":{\"content\":\"ARRENDAMIENTO\",\"text_align\":\"center\",\"title_element\":\"h1\"}},{\"type\":\"text\",\"props\":{\"column_breakpoint\":\"m\",\"content\":\"\n\n<p><span>El arrendamiento puro y el arrendamiento financiero son dos opciones comunes para adquirir equipo de c\\u00f3mputo. <\\\/span><\\\/p>\\n\n\n<p><strong>A continuaci\\u00f3n, se explica cada uno de ellos:<\\\/strong><\\\/p>\",\"margin\":\"default\",\"text_align\":\"center\"}}]}]}]},{\"type\":\"section\",\"props\":{\"animation\":\"scale-up\",\"image_position\":\"center-center\",\"padding\":\"small\",\"style\":\"default\",\"title_breakpoint\":\"xl\",\"title_position\":\"top-left\",\"title_rotation\":\"left\",\"vertical_align\":\"middle\",\"width\":\"default\"},\"children\":[{\"type\":\"row\",\"children\":[{\"type\":\"column\",\"props\":{\"image_position\":\"center-center\",\"media_overlay_gradient\":\"\",\"position_sticky_breakpoint\":\"m\"},\"children\":[{\"type\":\"switcher\",\"props\":{\"content_column_breakpoint\":\"m\",\"image_align\":\"top\",\"image_grid_breakpoint\":\"m\",\"image_grid_width\":\"1-2\",\"image_svg_color\":\"emphasis\",\"link_style\":\"default\",\"link_text\":\"Read more\",\"margin\":\"default\",\"meta_align\":\"below-title\",\"meta_element\":\"div\",\"meta_style\":\"text-meta\",\"nav\":\"tab\",\"nav_align\":\"center\",\"nav_grid_breakpoint\":\"m\",\"nav_grid_width\":\"auto\",\"nav_position\":\"top\",\"show_content\":true,\"show_image\":true,\"show_label\":true,\"show_link\":true,\"show_meta\":true,\"show_thumbnail\":true,\"show_title\":true,\"switcher_animation\":\"fade\",\"switcher_height\":true,\"text_align\":\"center\",\"thumbnav_height\":\"75\",\"thumbnav_svg_color\":\"emphasis\",\"thumbnav_width\":\"100\",\"title_align\":\"top\",\"title_element\":\"h3\",\"title_grid_breakpoint\":\"m\",\"title_grid_width\":\"1-2\"},\"children\":[{\"type\":\"switcher_item\",\"props\":{\"content\":\"\n\n<p style=\\\"font-weight: 400;\\\">El arrendamiento puro es un acuerdo contractual en el cual una empresa (arrendador) proporciona el equipo de c\\u00f3mputo a otra empresa (arrendatario) a cambio de pagos peri\\u00f3dicos. En este caso, el arrendador conserva la propiedad del equipo durante todo el contrato. Al finalizar el plazo del arrendamiento, el arrendatario puede devolver el equipo, renovar el contrato o adquirir el equipo a un valor residual acordado.<\\\/p>\\n\n\n<p style=\\\"font-weight: 400;\\\"><strong>Ventajas del arrendamiento puro:<\\\/strong><\\\/p>\\n\n\n<p style=\\\"font-weight: 400;\\\">Permite a las empresas utilizar el equipo sin incurrir en un desembolso inicial significativo.<\\\/p>\\n\n\n<p style=\\\"font-weight: 400;\\\">Proporciona flexibilidad, ya que el equipo puede actualizarse o reemplazarse f\\u00e1cilmente al final del contrato.<\\\/p>\\n\n\n<p style=\\\"font-weight: 400;\\\">Los pagos de arrendamiento pueden ser deducibles de impuestos como gasto operativo.<\\\/p>\",\"title\":\"ARRENDAMIENTO PURO (LEASING OPERATIVO)\"}},{\"type\":\"switcher_item\",\"props\":{\"content\":\"\n\n<p style=\\\"font-weight: 400;\\\">El arrendamiento financiero es un acuerdo en el que una empresa (arrendador) proporciona equipo de c\\u00f3mputo a otra empresa (arrendatario) a cambio de pagos peri\\u00f3dicos. A diferencia del arrendamiento puro, en el arrendamiento financiero, el arrendatario tiene la opci\\u00f3n de adquirir el equipo al final del contrato a un valor residual predeterminado.<\\\/p>\\n\n\n<p style=\\\"font-weight: 400;\\\"><strong>Caracter\\u00edsticas del arrendamiento financiero:<\\\/strong><\\\/p>\\n\n\n<p style=\\\"font-weight: 400;\\\"><\\\/p>\\n\n\n<p style=\\\"font-weight: 400;\\\">A diferencia del arrendamiento puro, al final del contrato de arrendamiento financiero, el arrendatario generalmente tiene la opci\\u00f3n de comprar el equipo a un valor nominal.<\\\/p>\\n\n\n<p style=\\\"font-weight: 400;\\\">Durante el per\\u00edodo del contrato, el arrendatario asume la responsabilidad por el mantenimiento y los costos asociados con el equipo.<\\\/p>\\n\n\n<p style=\\\"font-weight: 400;\\\">El arrendamiento financiero puede reflejarse en los estados financieros como una deuda y los beneficios fiscales pueden ser diferentes en comparaci\\u00f3n con el arrendamiento puro.<\\\/p>\",\"title\":\"ARRENDAMIENTO FINANCIERO (LEASING FINANCIERO)\"}}]},{\"type\":\"button\",\"props\":{\"grid_column_gap\":\"small\",\"grid_row_gap\":\"small\",\"margin\":\"default\",\"text_align\":\"center\"},\"children\":[{\"type\":\"button_item\",\"props\":{\"button_style\":\"default\",\"content\":\"SOLICITA TU LEASING\",\"icon_align\":\"left\",\"link\":\"index.php\\\/contacto\\\/\",\"link_title\":\"SOLICITA TU LEASING\"}}]}]}]},{\"type\":\"row\",\"children\":[{\"type\":\"column\",\"props\":{\"image_position\":\"center-center\",\"media_overlay_gradient\":\"\",\"position_sticky_breakpoint\":\"m\"},\"children\":[{\"type\":\"panel\",\"props\":{\"content\":\"\n\n<p>[rev_slider alias=\\\"camaras-1\\\"][\\\/rev_slider]<\\\/p>\",\"content_column_breakpoint\":\"m\",\"icon_width\":80,\"image_align\":\"top\",\"image_grid_breakpoint\":\"m\",\"image_grid_width\":\"1-2\",\"image_svg_color\":\"emphasis\",\"link_style\":\"default\",\"link_text\":\"Read more\",\"margin\":\"default\",\"meta_align\":\"below-title\",\"meta_element\":\"div\",\"meta_style\":\"text-meta\",\"title_align\":\"top\",\"title_element\":\"h3\",\"title_grid_breakpoint\":\"m\",\"title_grid_width\":\"1-2\",\"title_hover_style\":\"reset\"}},{\"type\":\"text\",\"props\":{\"column_breakpoint\":\"m\",\"content\":\"\n\n<p style=\\\"font-weight: 400;\\\">La elecci\\u00f3n entre el arrendamiento puro y el arrendamiento financiero depende de las necesidades y circunstancias espec\\u00edficas de la empresa. Es recomendable consultar con expertos financieros o asesores para evaluar las opciones y determinar la m\\u00e1s adecuada en cada caso.<\\\/p>\\n\n\n<p style=\\\"font-weight: 400;\\\">Nosotros somos nos encargamos de gestionar estos arrendamientos con las principales arrendadoras en Mexico como HP Financial Services ,<span>\\u00a0<\\\/span>Dell Financial Services,<span>\\u00a0<\\\/span>IBM Global Financing<span>\\u00a0<\\\/span>CHG Meridian.<\\\/p>\",\"margin\":\"default\",\"text_align\":\"center\"}},{\"type\":\"button\",\"props\":{\"grid_column_gap\":\"small\",\"grid_row_gap\":\"small\",\"margin\":\"default\",\"text_align\":\"center\"},\"children\":[{\"type\":\"button_item\",\"props\":{\"button_style\":\"default\",\"content\":\"\\u00bfBUSCABAS OTRO SERVICIO?\",\"icon_align\":\"left\",\"link\":\"index.php\\\/servicios\\\/\",\"link_title\":\"\\u00bfBUSCABAS OTRO SERVICIO?\"}}]}]}]}]}],\"version\":\"3.0.27\"} --><\/p>\n","protected":false},"excerpt":{"rendered":"<p>ARRENDAMIENTO El arrendamiento puro y el arrendamiento financiero son dos opciones comunes para adquirir equipo de c\u00f3mputo. A continuaci\u00f3n, se explica cada uno de ellos: ARRENDAMIENTO PURO (LEASING OPERATIVO) El arrendamiento puro es un acuerdo contractual en el cual una empresa (arrendador) proporciona el equipo de c\u00f3mputo a otra empresa (arrendatario) a cambio de pagos [&hellip;]<\/p>\n","protected":false},"author":1,"featured_media":0,"parent":0,"menu_order":0,"comment_status":"closed","ping_status":"closed","template":"","meta":{"om_disable_all_campaigns":false,"_monsterinsights_skip_tracking":false,"_monsterinsights_sitenote_active":false,"_monsterinsights_sitenote_note":"","_monsterinsights_sitenote_category":0,"_joinchat":[],"footnotes":""},"aioseo_notices":[],"_links":{"self":[{"href":"https:\/\/deepweb.mx\/index.php\/wp-json\/wp\/v2\/pages\/684"}],"collection":[{"href":"https:\/\/deepweb.mx\/index.php\/wp-json\/wp\/v2\/pages"}],"about":[{"href":"https:\/\/deepweb.mx\/index.php\/wp-json\/wp\/v2\/types\/page"}],"author":[{"embeddable":true,"href":"https:\/\/deepweb.mx\/index.php\/wp-json\/wp\/v2\/users\/1"}],"replies":[{"embeddable":true,"href":"https:\/\/deepweb.mx\/index.php\/wp-json\/wp\/v2\/comments?post=684"}],"version-history":[{"count":20,"href":"https:\/\/deepweb.mx\/index.php\/wp-json\/wp\/v2\/pages\/684\/revisions"}],"predecessor-version":[{"id":985,"href":"https:\/\/deepweb.mx\/index.php\/wp-json\/wp\/v2\/pages\/684\/revisions\/985"}],"wp:attachment":[{"href":"https:\/\/deepweb.mx\/index.php\/wp-json\/wp\/v2\/media?parent=684"}],"curies":[{"name":"wp","href":"https:\/\/api.w.org\/{rel}","templated":true}]}}